{"id":144,"date":"2016-04-18T15:20:15","date_gmt":"2016-04-18T14:20:15","guid":{"rendered":"http:\/\/localhost\/eric-jean.com\/?page_id=144&#038;lang=en"},"modified":"2016-05-23T11:34:32","modified_gmt":"2016-05-23T10:34:32","slug":"societe","status":"publish","type":"page","link":"https:\/\/www.eric-jean.com\/en\/societe\/","title":{"rendered":"Company"},"content":{"rendered":"<p><span id=\"result_box\" class=\"\" lang=\"en\"><span title=\"L\u2019agence cr\u00e9\u00e9 par Eric JEAN a \u00e9volu\u00e9 avec les technologies, mais l\u2019\u00e9tat d\u2019esprit qui l\u2019anime est rest\u00e9 intact. \">The agency created by Eric JEAN in 1984 evolved with technologies, but the spirit that animates us remains intact.<\/span><\/span><\/p>\n<p><span title=\"L\u2019\u00e9coute \"><strong>Listening<\/strong><\/span><\/p>\n<p><span title=\"Avant tout nous souhaitons satisfaire les d\u00e9sirs de nos clients professionnels ou plaisanciers. \">Above all we want to satisfy the desires of our customers.<\/span><\/p>\n<p><span title=\"Savoir \u00e9couter leurs besoins, les interpr\u00e9ter et les enrichir de nos connaissances. \">Listening their needs, interpreting them and enrich their wishes with our knowledge.<\/span><\/p>\n<p><span title=\"La maitrise des connaissances techniques nous permet de donner libre cours \u00e0 notre esprit cr\u00e9atif pour aboutir \u00e0 des conceptions innovantes, r\u00e9pondant parfaitement au cahier des charges initial avec un petit suppl\u00e9ment d\u2019\u00e2me. \">Our workmanship of technical knowledge enables us to unleash our creativity to achieve innovative designs, responding perfectly to the original specifications with a little extra something.<\/span><\/p>\n<p><span title=\"L\u2019orchestration \"><strong>The orchestration<\/strong><\/span><\/p>\n<p><span title=\"Les technologies \u00e9voluent sans cesse, aussi avons nous pris le parti de nous entourer de sp\u00e9cialistes dans les nombreux domaines qui touchent \u00e0 l\u2019Architecture navale. \">Technology changes constantly, so we have resolved to surround ourselves with specialists in many fields involved in Naval Architecture.<\/span><\/p>\n<p><span title=\"Notre bagage technique permet de parler le m\u00eame langage avec les designers, ing\u00e9nieurs structures et hydrodynamiques, chantiers \">Our technical knowledge allows us to speak the same language with the designers, structural engineers, hydrodynamic specialists and boatyards<\/span><\/p>\n<p><span title=\"Comme un chef d\u2019orchestre, nous nous assurons que la r\u00e9alisation de vos projets aboutisse au produit fini parfait dans le respect des plans, des co\u00fbts et des d\u00e9lais.\">As a conductor, we ensure that your projects succeed the perfect finished boat in accordance with the drwings, costs and deadlines.<\/span><\/p>\n","protected":false},"excerpt":{"rendered":"The agency created by Eric JEAN in 1984 evolved with technologies, but the spirit that animates us remains intact. Listening Above all we want to satisfy the desires of our customers. Listening their needs, interpreting them and enrich their wishes with our knowledge. Our workmanship of technical knowledge enables us to unleash our creativity to&#8230; <a class=\"view-article\" href=\"https:\/\/www.eric-jean.com\/en\/societe\/\">View the news<\/a>","protected":false},"author":1,"featured_media":0,"parent":0,"menu_order":0,"comment_status":"closed","ping_status":"closed","template":"","meta":{"_acf_changed":false,"footnotes":""},"class_list":["post-144","page","type-page","status-publish","hentry"],"acf":[],"_links":{"self":[{"href":"https:\/\/www.eric-jean.com\/en\/wp-json\/wp\/v2\/pages\/144","targetHints":{"allow":["GET"]}}],"collection":[{"href":"https:\/\/www.eric-jean.com\/en\/wp-json\/wp\/v2\/pages"}],"about":[{"href":"https:\/\/www.eric-jean.com\/en\/wp-json\/wp\/v2\/types\/page"}],"author":[{"embeddable":true,"href":"https:\/\/www.eric-jean.com\/en\/wp-json\/wp\/v2\/users\/1"}],"replies":[{"embeddable":true,"href":"https:\/\/www.eric-jean.com\/en\/wp-json\/wp\/v2\/comments?post=144"}],"version-history":[{"count":6,"href":"https:\/\/www.eric-jean.com\/en\/wp-json\/wp\/v2\/pages\/144\/revisions"}],"predecessor-version":[{"id":574,"href":"https:\/\/www.eric-jean.com\/en\/wp-json\/wp\/v2\/pages\/144\/revisions\/574"}],"wp:attachment":[{"href":"https:\/\/www.eric-jean.com\/en\/wp-json\/wp\/v2\/media?parent=144"}],"curies":[{"name":"wp","href":"https:\/\/api.w.org\/{rel}","templated":true}]}}